{"id":1399,"date":"2022-02-15T23:43:20","date_gmt":"2022-02-15T22:43:20","guid":{"rendered":"http:\/\/www.esv-Muenchen-west.de\/?page_id=1399"},"modified":"2025-12-03T16:40:34","modified_gmt":"2025-12-03T15:40:34","slug":"platzreservierung","status":"publish","type":"page","link":"https:\/\/www.esv-Muenchen-west.de\/?page_id=1399","title":{"rendered":"Platzreservierung &#8211; nur f\u00fcr Mitglieder"},"content":{"rendered":"\n<p>F\u00fcr die Nutzung unserer Pl\u00e4tze ist eine Reservierung im online System m\u00f6glich und erforderlich.<br>Jede Registrierung im System wird manuell gepr\u00fcft und nur f\u00fcr Mitglieder freigeschaltet. <br><a href=\"https:\/\/app.tennis04.com\/de\/esv-muenchen-west\/willkommen\">https:\/\/app.tennis04.com\/de\/esv-muenchen-west\/willkommen<\/a> <br><br>Nach Registrierung k\u00f6nnen die Tennispl\u00e4tze ab Saisonbeginn reserviert werden. <br><a href=\"https:\/\/app.tennis04.com\/de\/esv-muenchen-west\/\">https:\/\/app.tennis04.com\/de\/esv-muenchen-west\/<\/a><br><br>Die aktuelle <a href=\"https:\/\/www.esv-muenchen-west.de\/wp-content\/uploads\/2015\/08\/ESV_Muenchen_West_Tennis_Hausordnung.pdf\">Abteilung Tennis &#8211; Hausordnung<\/a> ist dabei zu beachten.<\/p>\n","protected":false},"excerpt":{"rendered":"<p>F\u00fcr die Nutzung unserer Pl\u00e4tze ist eine Reservierung im online System m\u00f6glich und erforderlich.Jede Registrierung im System wird manuell gepr\u00fcft und nur f\u00fcr Mitglieder freigeschaltet. https:\/\/app.tennis04.com\/de\/esv-muenchen-west\/willkommen Nach Registrierung k\u00f6nnen die Tennispl\u00e4tze ab Saisonbeginn reserviert werden. https:\/\/app.tennis04.com\/de\/esv-muenchen-west\/ Die aktuelle Abteilung Tennis &#8211; Hausordnung ist dabei zu beachten.<\/p>\n","protected":false},"author":7,"featured_media":0,"parent":381,"menu_order":0,"comment_status":"closed","ping_status":"closed","template":"","meta":{"iawp_total_views":911,"footnotes":""},"class_list":["post-1399","page","type-page","status-publish","hentry"],"_links":{"self":[{"href":"https:\/\/www.esv-Muenchen-west.de\/index.php?rest_route=\/wp\/v2\/pages\/1399","targetHints":{"allow":["GET"]}}],"collection":[{"href":"https:\/\/www.esv-Muenchen-west.de\/index.php?rest_route=\/wp\/v2\/pages"}],"about":[{"href":"https:\/\/www.esv-Muenchen-west.de\/index.php?rest_route=\/wp\/v2\/types\/page"}],"author":[{"embeddable":true,"href":"https:\/\/www.esv-Muenchen-west.de\/index.php?rest_route=\/wp\/v2\/users\/7"}],"replies":[{"embeddable":true,"href":"https:\/\/www.esv-Muenchen-west.de\/index.php?rest_route=%2Fwp%2Fv2%2Fcomments&post=1399"}],"version-history":[{"count":5,"href":"https:\/\/www.esv-Muenchen-west.de\/index.php?rest_route=\/wp\/v2\/pages\/1399\/revisions"}],"predecessor-version":[{"id":2222,"href":"https:\/\/www.esv-Muenchen-west.de\/index.php?rest_route=\/wp\/v2\/pages\/1399\/revisions\/2222"}],"up":[{"embeddable":true,"href":"https:\/\/www.esv-Muenchen-west.de\/index.php?rest_route=\/wp\/v2\/pages\/381"}],"wp:attachment":[{"href":"https:\/\/www.esv-Muenchen-west.de\/index.php?rest_route=%2Fwp%2Fv2%2Fmedia&parent=1399"}],"curies":[{"name":"wp","href":"https:\/\/api.w.org\/{rel}","templated":true}]}}