{"id":377,"date":"2014-01-30T12:15:45","date_gmt":"2014-01-30T11:15:45","guid":{"rendered":"http:\/\/localhost\/vertikal\/?page_id=42"},"modified":"2023-04-18T13:29:25","modified_gmt":"2023-04-18T12:29:25","slug":"stock-trainingszeiten","status":"publish","type":"page","link":"https:\/\/www.esv-Muenchen-west.de\/?page_id=377","title":{"rendered":"Trainingszeiten"},"content":{"rendered":"<p><!--vcv no format--><!-- vcwb\/dynamicElementComment:6d12c448 --><\/p>\n<div class=\"vce-row-container\" data-vce-boxed-width=\"true\">\n<div class=\"vce-row vce-row--col-gap-30 vce-row-equal-height vce-row-content--top\" id=\"el-6d12c448\" data-vce-do-apply=\"all el-6d12c448\">\n<div class=\"vce-row-content\" data-vce-element-content=\"true\"><!-- vcwb\/dynamicElementComment:7d13f566 --><\/p>\n<div class=\"vce-col vce-col--md-auto vce-col--xs-1 vce-col--xs-last vce-col--xs-first vce-col--sm-last vce-col--sm-first vce-col--md-last vce-col--lg-last vce-col--xl-last vce-col--md-first vce-col--lg-first vce-col--xl-first\" id=\"el-7d13f566\">\n<div class=\"vce-col-inner\" data-vce-do-apply=\"border margin background  el-7d13f566\">\n<div class=\"vce-col-content\" data-vce-element-content=\"true\" data-vce-do-apply=\"padding el-7d13f566\"><!-- vcwb\/dynamicElementComment:bb38f161 --><\/p>\n<div class=\"vce-text-block\">\n<div class=\"vce-text-block-wrapper vce\" id=\"el-bb38f161\" data-vce-do-apply=\"all el-bb38f161\">\n<p>&nbsp;<\/p>\n<h2 style=\"text-align: center;\">Trainingszeiten<\/h2>\n<p style=\"text-align: center;\"><span style=\"font-size: 12pt;\"><strong>Montag um 18.00 Uhr<br \/><\/strong><\/span><\/p>\n<p style=\"text-align: center;\"><span style=\"font-size: 12pt;\"><strong>Mittwoch um 18.00 Uhr<br \/><\/strong><\/span><\/p>\n<p style=\"text-align: center;\"><span style=\"font-size: 12pt;\"><strong>Samstag um 13.00 Uhr<\/strong><\/span><\/p>\n<p style=\"text-align: center;\"><span style=\"font-size: 12pt;\"><strong>***********************************************<\/strong><\/span><span style=\"font-size: 12pt;\">&nbsp; &nbsp;&nbsp;<\/span><\/p>\n<p style=\"line-height: 100%; margin-bottom: 0cm;\" align=\"center\"><span style=\"font-size: 12pt;\"><span style=\"font-family: Arial, serif;\"><strong>Die Anlage der <\/strong><\/span><span style=\"font-family: Arial, serif;\"><u><strong>Stocksch\u00fctzen<\/strong><\/u><\/span><span style=\"font-family: Arial, serif;\"><strong> ist an der <\/strong><\/span><span style=\"font-family: Arial, serif;\"><u><strong>Bergsonstra\u00dfe Nr. 108<\/strong><\/u><\/span><\/span><\/p>\n<p style=\"line-height: 100%; margin-bottom: 0cm;\" align=\"center\">&nbsp;<\/p>\n<p style=\"line-height: 100%; margin-bottom: 0cm;\" align=\"center\"><span style=\"font-family: Arial, serif; font-size: 12pt;\"><strong>in 81245 M\u00fcnchen (Obermenzing\/Langwied) <\/strong><\/span><\/p>\n<p style=\"line-height: 100%; margin-bottom: 0cm;\" align=\"center\">&nbsp;<\/p>\n<p style=\"line-height: 100%; margin-bottom: 0cm;\" align=\"center\"><span style=\"font-size: 12pt;\"><span style=\"font-family: Arial, serif;\"><strong>direkt beim S-Bahn <\/strong><\/span><span style=\"font-family: Arial, serif;\"><u><strong>Haltepunkt Langwied<\/strong><\/u><\/span><\/span><\/p>\n<p style=\"line-height: 100%; margin-bottom: 0cm;\" align=\"center\">&nbsp;<\/p>\n<p style=\"line-height: 100%; margin-bottom: 0cm;\" align=\"center\"><span style=\"font-size: 12pt;\"><a name=\"_GoBack\"><\/a> <span style=\"font-family: Arial, serif;\"><u><strong>Hinweisschild &#8211;<\/strong><\/u><\/span><span style=\"font-family: Arial, serif;\"><strong> ESV M\u00fcnchen West-Stocksch\u00fctzen<\/strong><\/span><\/span><\/p>\n<p style=\"text-align: center;\">&nbsp;<\/p>\n<p style=\"text-align: center;\">&nbsp;<\/p>\n<\/div>\n<\/div>\n<p><!-- \/vcwb\/dynamicElementComment:bb38f161 --><\/div>\n<\/div>\n<\/div>\n<p><!-- \/vcwb\/dynamicElementComment:7d13f566 --><\/div>\n<\/div>\n<\/div>\n<p><!-- \/vcwb\/dynamicElementComment:6d12c448 --><!--vcv no format--><\/p>\n","protected":false},"excerpt":{"rendered":"<p>&nbsp; Trainingszeiten Montag um 18.00 Uhr Mittwoch um 18.00 Uhr Samstag um 13.00 Uhr ***********************************************&nbsp; &nbsp;&nbsp; Die Anlage der Stocksch\u00fctzen ist an der Bergsonstra\u00dfe Nr. 108 &nbsp; in 81245 M\u00fcnchen (Obermenzing\/Langwied) &nbsp; direkt beim S-Bahn Haltepunkt Langwied &nbsp; Hinweisschild &#8211; ESV M\u00fcnchen West-Stocksch\u00fctzen &nbsp; &nbsp;<\/p>\n","protected":false},"author":1,"featured_media":0,"parent":380,"menu_order":0,"comment_status":"closed","ping_status":"closed","template":"","meta":{"iawp_total_views":354,"footnotes":""},"class_list":["post-377","page","type-page","status-publish","hentry"],"_links":{"self":[{"href":"https:\/\/www.esv-Muenchen-west.de\/index.php?rest_route=\/wp\/v2\/pages\/377","targetHints":{"allow":["GET"]}}],"collection":[{"href":"https:\/\/www.esv-Muenchen-west.de\/index.php?rest_route=\/wp\/v2\/pages"}],"about":[{"href":"https:\/\/www.esv-Muenchen-west.de\/index.php?rest_route=\/wp\/v2\/types\/page"}],"author":[{"embeddable":true,"href":"https:\/\/www.esv-Muenchen-west.de\/index.php?rest_route=\/wp\/v2\/users\/1"}],"replies":[{"embeddable":true,"href":"https:\/\/www.esv-Muenchen-west.de\/index.php?rest_route=%2Fwp%2Fv2%2Fcomments&post=377"}],"version-history":[{"count":34,"href":"https:\/\/www.esv-Muenchen-west.de\/index.php?rest_route=\/wp\/v2\/pages\/377\/revisions"}],"predecessor-version":[{"id":1661,"href":"https:\/\/www.esv-Muenchen-west.de\/index.php?rest_route=\/wp\/v2\/pages\/377\/revisions\/1661"}],"up":[{"embeddable":true,"href":"https:\/\/www.esv-Muenchen-west.de\/index.php?rest_route=\/wp\/v2\/pages\/380"}],"wp:attachment":[{"href":"https:\/\/www.esv-Muenchen-west.de\/index.php?rest_route=%2Fwp%2Fv2%2Fmedia&parent=377"}],"curies":[{"name":"wp","href":"https:\/\/api.w.org\/{rel}","templated":true}]}}