{"id":379,"date":"2014-01-30T12:18:46","date_gmt":"2014-01-30T11:18:46","guid":{"rendered":"http:\/\/localhost\/vertikal\/?page_id=56"},"modified":"2026-02-08T20:41:04","modified_gmt":"2026-02-08T19:41:04","slug":"tennis-termine","status":"publish","type":"page","link":"https:\/\/www.esv-Muenchen-west.de\/?page_id=379","title":{"rendered":"Termine 2026"},"content":{"rendered":"\n<p><strong>Bitte auch beachten:<\/strong> <a href=\"https:\/\/www.esv-muenchen-west.de\/?page_id=1837\">Seite zu den Arbeitsdiensten<\/a>. <\/p>\n\n\n\n<h3 class=\"wp-block-heading\" id=\"turniere-und-feste\">Turniere und Feste:<\/h3>\n\n\n\n<ul class=\"wp-block-list\">\n<li>9. Mai 2026: Er\u00f6ffnungsturnier<\/li>\n\n\n\n<li>13. Juni 2026: Mixedturnier<\/li>\n\n\n\n<li>18. Juli 2026: Doppelturnier<\/li>\n\n\n\n<li>14. August 2026: Night-Session-Turnier<\/li>\n\n\n\n<li>19. September 2026: Wies&#8217;n-Anstich<\/li>\n<\/ul>\n\n\n\n<p>F\u00fcr die Turniere und Feiern werden ein bis zwei Woche vor dem Termin Anmeldelisten im Vereinsheim ausgeh\u00e4ngt. Das Einzelturnier wird \u00fcber sie Saison verteilt ausgetragen. <\/p>\n","protected":false},"excerpt":{"rendered":"<p>Bitte auch beachten: Seite zu den Arbeitsdiensten. Turniere und Feste: F\u00fcr die Turniere und Feiern werden ein bis zwei Woche vor dem Termin Anmeldelisten im Vereinsheim ausgeh\u00e4ngt. Das Einzelturnier wird \u00fcber sie Saison verteilt ausgetragen.<\/p>\n","protected":false},"author":1,"featured_media":0,"parent":381,"menu_order":1,"comment_status":"closed","ping_status":"closed","template":"","meta":{"iawp_total_views":585,"footnotes":""},"class_list":["post-379","page","type-page","status-publish","hentry"],"_links":{"self":[{"href":"https:\/\/www.esv-Muenchen-west.de\/index.php?rest_route=\/wp\/v2\/pages\/379","targetHints":{"allow":["GET"]}}],"collection":[{"href":"https:\/\/www.esv-Muenchen-west.de\/index.php?rest_route=\/wp\/v2\/pages"}],"about":[{"href":"https:\/\/www.esv-Muenchen-west.de\/index.php?rest_route=\/wp\/v2\/types\/page"}],"author":[{"embeddable":true,"href":"https:\/\/www.esv-Muenchen-west.de\/index.php?rest_route=\/wp\/v2\/users\/1"}],"replies":[{"embeddable":true,"href":"https:\/\/www.esv-Muenchen-west.de\/index.php?rest_route=%2Fwp%2Fv2%2Fcomments&post=379"}],"version-history":[{"count":80,"href":"https:\/\/www.esv-Muenchen-west.de\/index.php?rest_route=\/wp\/v2\/pages\/379\/revisions"}],"predecessor-version":[{"id":2289,"href":"https:\/\/www.esv-Muenchen-west.de\/index.php?rest_route=\/wp\/v2\/pages\/379\/revisions\/2289"}],"up":[{"embeddable":true,"href":"https:\/\/www.esv-Muenchen-west.de\/index.php?rest_route=\/wp\/v2\/pages\/381"}],"wp:attachment":[{"href":"https:\/\/www.esv-Muenchen-west.de\/index.php?rest_route=%2Fwp%2Fv2%2Fmedia&parent=379"}],"curies":[{"name":"wp","href":"https:\/\/api.w.org\/{rel}","templated":true}]}}