{"id":382,"date":"2014-01-30T12:26:59","date_gmt":"2014-01-30T12:26:59","guid":{"rendered":"http:\/\/localhost\/vertikal\/?page_id=91"},"modified":"2024-01-10T21:19:20","modified_gmt":"2024-01-10T20:19:20","slug":"contact-us","status":"publish","type":"page","link":"https:\/\/www.esv-Muenchen-west.de\/?page_id=382","title":{"rendered":"Wo wir sind"},"content":{"rendered":"<p><!--vcv no format--><!-- vcwb\/dynamicElementComment:83df09d9 --><\/p>\n<div class=\"vce-row-container\" data-vce-boxed-width=\"true\">\n<div id=\"el-83df09d9\" class=\"vce-row vce-row--col-gap-30 vce-row-equal-height vce-row-content--top\" data-vce-do-apply=\"all el-83df09d9\">\n<div class=\"vce-row-content\" data-vce-element-content=\"true\"><!-- vcwb\/dynamicElementComment:c74a621e -->\n<div id=\"el-c74a621e\" class=\"vce-col vce-col--md-auto vce-col--xs-1 vce-col--xs-last vce-col--xs-first vce-col--sm-last vce-col--sm-first vce-col--md-last vce-col--lg-last vce-col--xl-last vce-col--md-first vce-col--lg-first vce-col--xl-first\">\n<div class=\"vce-col-inner\" data-vce-do-apply=\"border margin background  el-c74a621e\">\n<div class=\"vce-col-content\" data-vce-element-content=\"true\" data-vce-do-apply=\"padding el-c74a621e\">\n<h2><span style=\"font-weight: 400; font-style: normal; font-size: 14pt;\">&#8230; ist nicht so leicht zu finden.<\/span><br \/><span style=\"font-weight: 400; font-style: normal; font-size: 14pt;\">Auf der Bergsonstr. \/ S-Bahnhof Langwied, am P&amp;R Parkplatz in die abgehende Stra\u00dfe einbiegen.<\/span><\/h2>\n<p>Zum Tennis gleich die erste Abbiegem\u00f6glichkeit auf die Br\u00fccke (Privatstra\u00dfe) nehmen und schon sind sie da.<\/p>\n<\/div>\n<\/div>\n<\/div>\n<\/div>\n<\/div>\n<\/div>\n\n\n<iframe src=\"https:\/\/www.google.com\/maps\/embed?pb=!1m18!1m12!1m3!1d2237.8588627805752!2d11.431263419392897!3d48.162729235253785!2m3!1f0!2f0!3f0!3m2!1i1024!2i768!4f13.1!3m3!1m2!1s0x479e781305e26b99%3A0xdd150b7130f4be95!2sESV%20M%C3%BCnchen%20West%2C%20Tennis!5e0!3m2!1sde!2sde!4v1704910848365!5m2!1sde!2sde\" width=\"600\" height=\"450\" style=\"border:0;\" allowfullscreen=\"\" loading=\"lazy\" referrerpolicy=\"no-referrer-when-downgrade\"><\/iframe>\n\n\n\n<div class=\"vce-row-container\" data-vce-boxed-width=\"true\">\n<div id=\"el-0ce24c04\" class=\"vce-row vce-row--col-gap-30 vce-row-equal-height vce-row-content--top\" data-vce-do-apply=\"all el-0ce24c04\">\n<div class=\"vce-row-content\" data-vce-element-content=\"true\"><!-- vcwb\/dynamicElementComment:a10fd1a0 --><\/div>\n<\/div>\n<\/div>\n\n\n\n<p>Zu den Stocksch\u00fctzen &#8211; etwas weiter gerade aus und dann gleich auf der linken Seite.<\/p>\n\n\n\n<iframe src=\"https:\/\/www.google.com\/maps\/embed?pb=!1m18!1m12!1m3!1d2237.8588627805752!2d11.431263419392897!3d48.162729235253785!2m3!1f0!2f0!3f0!3m2!1i1024!2i768!4f13.1!3m3!1m2!1s0x479e7909fa13f47f%3A0x353055199c693831!2sESV%20M%C3%BCnchen%20West%2C%20Stockschie%C3%9Fen!5e0!3m2!1sde!2sde!4v1704910996258!5m2!1sde!2sde\" width=\"600\" height=\"450\" style=\"border:0;\" allowfullscreen=\"\" loading=\"lazy\" referrerpolicy=\"no-referrer-when-downgrade\"><\/iframe>\n","protected":false},"excerpt":{"rendered":"<p>&#8230; ist nicht so leicht zu finden.Auf der Bergsonstr. \/ S-Bahnhof Langwied, am P&amp;R Parkplatz in die abgehende Stra\u00dfe einbiegen. Zum Tennis gleich die erste Abbiegem\u00f6glichkeit auf die Br\u00fccke (Privatstra\u00dfe) nehmen und schon sind sie da. Zu den Stocksch\u00fctzen &#8211; etwas weiter gerade aus und dann gleich auf der linken Seite.<\/p>\n","protected":false},"author":1,"featured_media":0,"parent":0,"menu_order":0,"comment_status":"closed","ping_status":"closed","template":"","meta":{"iawp_total_views":849,"footnotes":""},"class_list":["post-382","page","type-page","status-publish","hentry"],"_links":{"self":[{"href":"https:\/\/www.esv-Muenchen-west.de\/index.php?rest_route=\/wp\/v2\/pages\/382","targetHints":{"allow":["GET"]}}],"collection":[{"href":"https:\/\/www.esv-Muenchen-west.de\/index.php?rest_route=\/wp\/v2\/pages"}],"about":[{"href":"https:\/\/www.esv-Muenchen-west.de\/index.php?rest_route=\/wp\/v2\/types\/page"}],"author":[{"embeddable":true,"href":"https:\/\/www.esv-Muenchen-west.de\/index.php?rest_route=\/wp\/v2\/users\/1"}],"replies":[{"embeddable":true,"href":"https:\/\/www.esv-Muenchen-west.de\/index.php?rest_route=%2Fwp%2Fv2%2Fcomments&post=382"}],"version-history":[{"count":33,"href":"https:\/\/www.esv-Muenchen-west.de\/index.php?rest_route=\/wp\/v2\/pages\/382\/revisions"}],"predecessor-version":[{"id":1813,"href":"https:\/\/www.esv-Muenchen-west.de\/index.php?rest_route=\/wp\/v2\/pages\/382\/revisions\/1813"}],"wp:attachment":[{"href":"https:\/\/www.esv-Muenchen-west.de\/index.php?rest_route=%2Fwp%2Fv2%2Fmedia&parent=382"}],"curies":[{"name":"wp","href":"https:\/\/api.w.org\/{rel}","templated":true}]}}