{"id":46,"date":"2014-01-30T12:16:37","date_gmt":"2014-01-30T11:16:37","guid":{"rendered":"http:\/\/localhost\/vertikal\/?page_id=46"},"modified":"2024-01-10T18:14:58","modified_gmt":"2024-01-10T17:14:58","slug":"about","status":"publish","type":"page","link":"https:\/\/www.esv-Muenchen-west.de\/","title":{"rendered":"der e.V."},"content":{"rendered":"\n<div class=\"vce-row-container\" data-vce-boxed-width=\"true\">\n<div id=\"el-fe316b64\" class=\"vce-row vce-row--col-gap-30 vce-row-equal-height vce-row-content--top\" data-vce-do-apply=\"all el-fe316b64\">\n<div class=\"vce-row-content\" data-vce-element-content=\"true\">\n<div id=\"el-d653c433\" class=\"vce-col vce-col--md-auto vce-col--xs-1 vce-col--xs-last vce-col--xs-first vce-col--sm-last vce-col--sm-first vce-col--md-last vce-col--lg-last vce-col--xl-last vce-col--md-first vce-col--lg-first vce-col--xl-first\">\n<div class=\"vce-col-inner\" data-vce-do-apply=\"border margin background  el-d653c433\">\n<div class=\"vce-col-content\" data-vce-element-content=\"true\" data-vce-do-apply=\"padding el-d653c433\">\n<div class=\"vce-text-block\">\n<div id=\"el-7775b7cc\" class=\"vce-text-block-wrapper vce\" data-vce-do-apply=\"all el-7775b7cc\">Der ESV M\u00fcnchen West bietet attraktiven und famili\u00e4ren Sport in folgenden Abteilungen an:<br \/><br \/><\/div>\n<div data-vce-do-apply=\"all el-7775b7cc\">\u00a0<\/div>\n<div data-vce-do-apply=\"all el-7775b7cc\"><a href=\"https:\/\/www.esv-Muenchen-west.de\/?page_id=380\">Stockschie\u00dfen<\/a><\/div>\n<div data-vce-do-apply=\"all el-7775b7cc\"><br \/><br \/><\/div>\n<\/div>\n<\/div>\n<div data-vce-do-apply=\"all el-7775b7cc\"><a href=\"https:\/\/www.esv-Muenchen-west.de\/?page_id=381\">Tennis<\/a><\/div>\n<\/div>\n<\/div>\n<div data-vce-do-apply=\"all el-7775b7cc\"><br \/><br \/><br \/><\/div>\n<div data-vce-do-apply=\"all el-7775b7cc\">Mitglied des<\/div>\n<\/div>\n<div data-vce-do-apply=\"all el-7775b7cc\">\n<figure><a href=\"https:\/\/www.blsv.de\/\" target=\"_blank\" rel=\"noopener\"><img loading=\"lazy\" decoding=\"async\" class=\"alignnone wp-image-1768\" src=\"https:\/\/www.esv-Muenchen-west.de\/wp-content\/uploads\/2024\/01\/BLSV.png\" alt=\"\" width=\"172\" height=\"49\" srcset=\"https:\/\/www.esv-Muenchen-west.de\/wp-content\/uploads\/2024\/01\/BLSV.png 400w, https:\/\/www.esv-Muenchen-west.de\/wp-content\/uploads\/2024\/01\/BLSV-250x71.png 250w\" sizes=\"auto, (max-width: 172px) 100vw, 172px\" \/><\/a><\/figure>\n<p>\u00a0<\/p>\n<\/div>\n<div data-vce-do-apply=\"all el-7775b7cc\"><br \/>Gef\u00f6rdert von der Landeshauptstadt M\u00fcnchen, Referat f\u00fcr Bildung und Sport.<br \/><a href=\"https:\/\/stadt.muenchen.de\/rathaus\/verwaltung\/referat-bildung-sport.html\" target=\"_blank\" rel=\"noopener\"><img loading=\"lazy\" decoding=\"async\" class=\"alignnone size-full wp-image-1528\" src=\"https:\/\/www.esv-Muenchen-west.de\/wp-content\/uploads\/2022\/11\/Logo_Muenchen_Sport-Bildung_weiss-3.png\" alt=\"\" width=\"250\" height=\"83\" \/><\/a><\/div>\n<\/div>\n<\/div>\n","protected":false},"excerpt":{"rendered":"<p>Der ESV M\u00fcnchen West bietet attraktiven und famili\u00e4ren Sport in folgenden Abteilungen an: \u00a0 Stockschie\u00dfen Tennis Mitglied des \u00a0 Gef\u00f6rdert von der Landeshauptstadt M\u00fcnchen, Referat f\u00fcr Bildung und Sport.<\/p>\n","protected":false},"author":1,"featured_media":0,"parent":0,"menu_order":0,"comment_status":"closed","ping_status":"closed","template":"","meta":{"iawp_total_views":2364,"footnotes":""},"class_list":["post-46","page","type-page","status-publish","hentry"],"_links":{"self":[{"href":"https:\/\/www.esv-Muenchen-west.de\/index.php?rest_route=\/wp\/v2\/pages\/46","targetHints":{"allow":["GET"]}}],"collection":[{"href":"https:\/\/www.esv-Muenchen-west.de\/index.php?rest_route=\/wp\/v2\/pages"}],"about":[{"href":"https:\/\/www.esv-Muenchen-west.de\/index.php?rest_route=\/wp\/v2\/types\/page"}],"author":[{"embeddable":true,"href":"https:\/\/www.esv-Muenchen-west.de\/index.php?rest_route=\/wp\/v2\/users\/1"}],"replies":[{"embeddable":true,"href":"https:\/\/www.esv-Muenchen-west.de\/index.php?rest_route=%2Fwp%2Fv2%2Fcomments&post=46"}],"version-history":[{"count":27,"href":"https:\/\/www.esv-Muenchen-west.de\/index.php?rest_route=\/wp\/v2\/pages\/46\/revisions"}],"predecessor-version":[{"id":1811,"href":"https:\/\/www.esv-Muenchen-west.de\/index.php?rest_route=\/wp\/v2\/pages\/46\/revisions\/1811"}],"wp:attachment":[{"href":"https:\/\/www.esv-Muenchen-west.de\/index.php?rest_route=%2Fwp%2Fv2%2Fmedia&parent=46"}],"curies":[{"name":"wp","href":"https:\/\/api.w.org\/{rel}","templated":true}]}}