{"id":76,"date":"2014-01-30T12:23:55","date_gmt":"2014-01-30T11:23:55","guid":{"rendered":"http:\/\/localhost\/vertikal\/?page_id=76"},"modified":"2023-03-03T17:09:32","modified_gmt":"2023-03-03T16:09:32","slug":"e-v-chronik","status":"publish","type":"page","link":"https:\/\/www.esv-Muenchen-west.de\/?page_id=76","title":{"rendered":"Chronik"},"content":{"rendered":"<p><!--vcv no format--><!-- vcwb\/dynamicElementComment:c302f4f1 --><\/p>\n<div class=\"vce-row-container\" data-vce-boxed-width=\"true\">\n<div class=\"vce-row vce-row--col-gap-30 vce-row-equal-height vce-row-content--top\" id=\"el-c302f4f1\" data-vce-do-apply=\"all el-c302f4f1\">\n<div class=\"vce-row-content\" data-vce-element-content=\"true\"><!-- vcwb\/dynamicElementComment:f08a28b1 --><\/p>\n<div class=\"vce-col vce-col--md-auto vce-col--xs-1 vce-col--xs-last vce-col--xs-first vce-col--sm-last vce-col--sm-first vce-col--md-last vce-col--lg-last vce-col--xl-last vce-col--md-first vce-col--lg-first vce-col--xl-first\" id=\"el-f08a28b1\">\n<div class=\"vce-col-inner\" data-vce-do-apply=\"border margin background  el-f08a28b1\">\n<div class=\"vce-col-content\" data-vce-element-content=\"true\" data-vce-do-apply=\"padding el-f08a28b1\"><!-- vcwb\/dynamicElementComment:09cc0431 --><\/p>\n<div class=\"vce-text-block\">\n<div class=\"vce-text-block-wrapper vce\" id=\"el-09cc0431\" data-vce-do-apply=\"all el-09cc0431\">\n<p>&nbsp;<\/p>\n<h2 style=\"padding-left: 60px;\">Vereinschronik<\/h2>\n<p>&nbsp;<\/p>\n<p>Die Vereinschronik begann im Sommer 1968.<\/p>\n<p>&nbsp;<\/p>\n<p>Einige Eisenbahner der im Isartal gelegenen Dienststellen der Deutschen Bundesbahn schlossen sich zu einer Betriebssportgemeinschaft zusammen. Nach Feierabend spielte man Faustball und Tischtennis. Weitere Sportarten wie Stockschie\u00dfen, Fu\u00dfball und Kegeln kamen bald hinzu. Aus dem Freizeitsport wurde wettkampfm\u00e4\u00dfig betriebener Vereinssport. Die Gr\u00fcndung des ESV Gro\u00dfhesselohe als eigenst\u00e4ndiger Verein war schlie\u00dflich eine logische Folge der rasanten Entwicklung.<\/p>\n<p>&nbsp;<\/p>\n<p>Leider begann die Deutsche Bundesbahn in den achtziger Jahren mit der Schlie\u00dfung der kleinen Dienststellen. Der Verein musste sich eine neue Bleibe suchen, da das alte Gel\u00e4nde in Gro\u00dfhesselohe verkauft wurde. Nach langem suchen entschied man sich f\u00fcr das brach liegende Grundst\u00fcck an den Auffahrten der Bergsonstra\u00dfe zum Bahnbetriebswerk.<\/p>\n<p>&nbsp;<\/p>\n<p>Unter gro\u00dfen Anstrengungen der eigenen Mitglieder wurden dort 4 Tennispl\u00e4tze und 3 Asphaltbahnen errichtet. F\u00fcr ein perfektes Vereinsleben erhielten beide Abteilungen auch noch ihr eigenes Vereinsheim.<\/p>\n<p>&nbsp;<\/p>\n<p>Die Privatisierung der Deutschen Bahn l\u00e4utete das n\u00e4chste Kapitel der Vereinsgeschichte ein. Die Bahn bot dem Verein die verpachteten Grundst\u00fccke zum Kauf an. Die Mitglieder stimmten nach langer Beratung mit gro\u00dfer Mehrheit dem Kauf der Grundst\u00fccke zu. Der ESV Gro\u00dfhesselohe e.V. ist somit seit 2004 Besitzer der Sportanlage.<\/p>\n<p>&nbsp;<\/p>\n<p>Unser Hauptanliegen ist die F\u00f6rderung des Breitensports. Er dient der Gesundheit und Erholung der Sporttreibenden. Besondern Wert legen wir auf die sportliche F\u00f6rderung der Jugendlichen, denn sie sind die Zukunft des Vereins.<\/p>\n<p>&nbsp;<\/p>\n<p>Nachdem der Verein bereits in den 80ger Jahren von der Gro\u00dfhesseloherbr\u00fccke in den M\u00fcnchner Westen gezogen ist, wurde der Verein nun 2014 auch in &#8222;ESV M\u00fcnchen West e.V.&#8220; umbenannt.<\/p>\n<\/div>\n<\/div>\n<p><!-- \/vcwb\/dynamicElementComment:09cc0431 --><\/div>\n<\/div>\n<\/div>\n<p><!-- \/vcwb\/dynamicElementComment:f08a28b1 --><\/div>\n<\/div>\n<\/div>\n<p><!-- \/vcwb\/dynamicElementComment:c302f4f1 --><!--vcv no format--><\/p>\n","protected":false},"excerpt":{"rendered":"<p>&nbsp; Vereinschronik &nbsp; Die Vereinschronik begann im Sommer 1968. &nbsp; Einige Eisenbahner der im Isartal gelegenen Dienststellen der Deutschen Bundesbahn schlossen sich zu einer Betriebssportgemeinschaft zusammen. Nach Feierabend spielte man Faustball und Tischtennis. Weitere Sportarten wie Stockschie\u00dfen, Fu\u00dfball und Kegeln kamen bald hinzu. Aus dem Freizeitsport wurde wettkampfm\u00e4\u00dfig betriebener Vereinssport. Die Gr\u00fcndung des ESV Gro\u00dfhesselohe [&#8230;]<\/p>\n","protected":false},"author":1,"featured_media":0,"parent":46,"menu_order":1,"comment_status":"closed","ping_status":"closed","template":"","meta":{"iawp_total_views":193,"footnotes":""},"class_list":["post-76","page","type-page","status-publish","hentry"],"_links":{"self":[{"href":"https:\/\/www.esv-Muenchen-west.de\/index.php?rest_route=\/wp\/v2\/pages\/76","targetHints":{"allow":["GET"]}}],"collection":[{"href":"https:\/\/www.esv-Muenchen-west.de\/index.php?rest_route=\/wp\/v2\/pages"}],"about":[{"href":"https:\/\/www.esv-Muenchen-west.de\/index.php?rest_route=\/wp\/v2\/types\/page"}],"author":[{"embeddable":true,"href":"https:\/\/www.esv-Muenchen-west.de\/index.php?rest_route=\/wp\/v2\/users\/1"}],"replies":[{"embeddable":true,"href":"https:\/\/www.esv-Muenchen-west.de\/index.php?rest_route=%2Fwp%2Fv2%2Fcomments&post=76"}],"version-history":[{"count":6,"href":"https:\/\/www.esv-Muenchen-west.de\/index.php?rest_route=\/wp\/v2\/pages\/76\/revisions"}],"predecessor-version":[{"id":2229,"href":"https:\/\/www.esv-Muenchen-west.de\/index.php?rest_route=\/wp\/v2\/pages\/76\/revisions\/2229"}],"up":[{"embeddable":true,"href":"https:\/\/www.esv-Muenchen-west.de\/index.php?rest_route=\/wp\/v2\/pages\/46"}],"wp:attachment":[{"href":"https:\/\/www.esv-Muenchen-west.de\/index.php?rest_route=%2Fwp%2Fv2%2Fmedia&parent=76"}],"curies":[{"name":"wp","href":"https:\/\/api.w.org\/{rel}","templated":true}]}}